{"id":382,"date":"2018-04-25T10:12:36","date_gmt":"2018-04-25T07:12:36","guid":{"rendered":"http:\/\/kolimine.ee\/pyyda-tarjous\/"},"modified":"2026-03-04T15:02:19","modified_gmt":"2026-03-04T13:02:19","slug":"pyyda-tarjous","status":"publish","type":"page","link":"https:\/\/kolimine.ee\/fi\/pyyda-tarjous\/","title":{"rendered":"Pyyd\u00e4 tarjous"},"content":{"rendered":"\n<style type=\"text\/css\" data-created_by=\"avia_inline_auto\" id=\"style-css-av-av_section-7e61d6dd8a2fb2b1639dc129de9fabde\">\n.avia-section.av-av_section-7e61d6dd8a2fb2b1639dc129de9fabde{\nbackground-repeat:no-repeat;\nbackground-image:url(https:\/\/kolimine.ee\/wp-content\/uploads\/2018\/04\/bg-re4.jpg);\nbackground-position:0% 0%;\nbackground-attachment:scroll;\n}\n<\/style>\n<div id='fcr-page-header-image'  class='avia-section av-av_section-7e61d6dd8a2fb2b1639dc129de9fabde main_color avia-section-default avia-no-border-styling  avia-builder-el-0  el_before_av_layout_row  avia-builder-el-first  avia-full-stretch avia-bg-style-scroll av-minimum-height av-minimum-height-custom av-height-custom  container_wrap fullsize'  data-section-bg-repeat='stretch' data-av_minimum_height_px='330'><div class='container av-section-cont-open' style='height:330px'><main  role=\"main\" itemprop=\"mainContentOfPage\"  class='template-page content  av-content-full alpha units'><div class='post-entry post-entry-type-page post-entry-382'><div class='entry-content-wrapper clearfix'>\n\n<style type=\"text\/css\" data-created_by=\"avia_inline_auto\" id=\"style-css-av-av_one_half-15d750bd1b332b34c6e70b077ebbccdf\">\n.flex_column.av-av_one_half-15d750bd1b332b34c6e70b077ebbccdf{\nborder-radius:0px 0px 0px 0px;\npadding:0px 0px 0px 0px;\n}\n<\/style>\n<div  class='flex_column av-av_one_half-15d750bd1b332b34c6e70b077ebbccdf av_one_half  avia-builder-el-1  el_before_av_one_half  avia-builder-el-first  first flex_column_div av-zero-column-padding  '     ><\/div>\n<style type=\"text\/css\" data-created_by=\"avia_inline_auto\" id=\"style-css-av-av_one_half-c8fc129dc35fd1ae2a1e410224d39ea8\">\n.flex_column.av-av_one_half-c8fc129dc35fd1ae2a1e410224d39ea8{\nborder-radius:0px 0px 0px 0px;\npadding:0px 0px 0px 0px;\n}\n<\/style>\n<div  class='flex_column av-av_one_half-c8fc129dc35fd1ae2a1e410224d39ea8 av_one_half  avia-builder-el-2  el_after_av_one_half  avia-builder-el-last  flex_column_div av-zero-column-padding  '     ><p>\n<style type=\"text\/css\" data-created_by=\"avia_inline_auto\" id=\"style-css-av-av_heading-c6cc333aa46c9c9800d2f7a7d1d1b02d\">\n#top .av-special-heading.av-av_heading-c6cc333aa46c9c9800d2f7a7d1d1b02d{\npadding-bottom:10px;\nfont-size:20px;\n}\nbody .av-special-heading.av-av_heading-c6cc333aa46c9c9800d2f7a7d1d1b02d .av-special-heading-tag .heading-char{\nfont-size:25px;\n}\n#top #wrap_all .av-special-heading.av-av_heading-c6cc333aa46c9c9800d2f7a7d1d1b02d .av-special-heading-tag{\nfont-size:20px;\n}\n.av-special-heading.av-av_heading-c6cc333aa46c9c9800d2f7a7d1d1b02d .av-subheading{\nfont-size:15px;\n}\n\n@media only screen and (min-width: 480px) and (max-width: 767px){ \n#top #wrap_all .av-special-heading.av-av_heading-c6cc333aa46c9c9800d2f7a7d1d1b02d .av-special-heading-tag{\nfont-size:0.8em;\n}\n}\n\n@media only screen and (max-width: 479px){ \n#top #wrap_all .av-special-heading.av-av_heading-c6cc333aa46c9c9800d2f7a7d1d1b02d .av-special-heading-tag{\nfont-size:0.8em;\n}\n}\n<\/style>\n<div  class='av-special-heading av-av_heading-c6cc333aa46c9c9800d2f7a7d1d1b02d av-special-heading-h2 blockquote modern-quote modern-centered  avia-builder-el-3  el_before_av_button  avia-builder-el-first  av-inherit-size'><h2 class='av-special-heading-tag '  itemprop=\"headline\"  >Huolestuttaako muutto?<\/h2><div class=\"special-heading-border\"><div class=\"special-heading-inner-border\"><\/div><\/div><\/div><br \/>\n<div  class='avia-button-wrap av-av_button-b7e0b08514b06e53408479db035a6eae-wrap avia-button-center  avia-builder-el-4  el_after_av_heading  avia-builder-el-last '><a href='https:\/\/kolimine.ee\/fi\/nain-muutat\/'  class='avia-button av-av_button-b7e0b08514b06e53408479db035a6eae av-link-btn avia-icon_select-yes-left-icon avia-size-medium avia-position-center avia-color-theme-color'   aria-label=\"Lue vinkkej\u00e4\"><span class='avia_button_icon avia_button_icon_left' aria-hidden='true' data-av_icon='\ue889' data-av_iconfont='entypo-fontello'><\/span><span class='avia_iconbox_title' >Lue vinkkej\u00e4<\/span><\/a><\/div><\/p><\/div>\n\n<\/div><\/div><\/main><!-- close content main element --><\/div><\/div><div id='av-layout-grid-1'  class='av-layout-grid-container av-av_layout_row-c20feb48de9fead0173d89a81811665d entry-content-wrapper main_color av-flex-cells  avia-builder-el-5  el_after_av_section  el_before_av_section  grid-row-not-first av-medium-hide av-small-hide av-mini-hide container_wrap fullsize'  >\n\n<style type=\"text\/css\" data-created_by=\"avia_inline_auto\" id=\"style-css-av-av_cell_two_fifth-054d9ed4f11cc1bbadc3e2cc00e4107b\">\n.flex_cell.av-av_cell_two_fifth-054d9ed4f11cc1bbadc3e2cc00e4107b{\nvertical-align:top;\n}\n.responsive #top #wrap_all .flex_cell.av-av_cell_two_fifth-054d9ed4f11cc1bbadc3e2cc00e4107b{\npadding:30px 30px 30px 30px !important;\n}\n<\/style>\n<div class='flex_cell av-av_cell_two_fifth-054d9ed4f11cc1bbadc3e2cc00e4107b av-gridrow-cell av_two_fifth no_margin av-hide-on-mobile  avia-builder-el-6  el_before_av_cell_three_fifth  avia-builder-el-first '  ><div class='flex_cell_inner'><\/div><\/div>\n<style type=\"text\/css\" data-created_by=\"avia_inline_auto\" id=\"style-css-av-av_cell_three_fifth-a15f6bc32c0fb1c8e22741cf23b16e8e\">\n.flex_cell.av-av_cell_three_fifth-a15f6bc32c0fb1c8e22741cf23b16e8e{\nvertical-align:top;\n}\n.responsive #top #wrap_all .flex_cell.av-av_cell_three_fifth-a15f6bc32c0fb1c8e22741cf23b16e8e{\npadding:0px 0px 0px 0px !important;\n}\n<\/style>\n<div class='flex_cell av-av_cell_three_fifth-a15f6bc32c0fb1c8e22741cf23b16e8e av-gridrow-cell av_three_fifth no_margin  avia-builder-el-7  el_after_av_cell_two_fifth  avia-builder-el-last  av-zero-padding'  ><div class='flex_cell_inner'>\n<style type=\"text\/css\" data-created_by=\"avia_inline_auto\" id=\"style-css-av-av_one_full-7acf83b28747d3720179fbf5be05bc02\">\n#top .flex_column.av-av_one_full-7acf83b28747d3720179fbf5be05bc02{\nmargin-top:-70px;\nmargin-bottom:0px;\n}\n.flex_column.av-av_one_full-7acf83b28747d3720179fbf5be05bc02{\nborder-radius:0px 0px 0px 0px;\npadding:0px 0px 0px 0px;\nbackground-color:#2c313b;\n}\n.responsive #top #wrap_all .flex_column.av-av_one_full-7acf83b28747d3720179fbf5be05bc02{\nmargin-top:-70px;\nmargin-bottom:0px;\n}\n<\/style>\n<div  class='flex_column av-av_one_full-7acf83b28747d3720179fbf5be05bc02 av_one_full  avia-builder-el-8  avia-builder-el-no-sibling  first flex_column_div av-zero-column-padding  '     ><div id='avia-messagebox-' class='avia_message_box av_notification av-av_notification-0bf9f50326c0742687d78a7237c6cb01 avia-color-grey avia-size-large avia-icon_select-yes avia-border-dashed  avia-builder-el-9  avia-builder-el-no-sibling ' ><div class=\"avia_message_box_content\"><span class='avia_message_box_icon' aria-hidden='true' data-av_icon='\ue81f' data-av_iconfont='entypo-fontello'><\/span><p>Tarvitsetko muuttopalvelun tarjouksen?<br \/>\nSoita meille <a href=\"tel:+3726605064\">+372 660 5064<\/a>\u00a0tai kirjoita\u00a0<a href=\"&#x6d;&#97;&#x69;&#x6c;&#116;&#x6f;&#58;i&#x6e;&#102;o&#x40;&#107;o&#x6c;&#105;m&#x69;&#110;&#x65;&#x2e;&#101;&#x65;\">i&#110;&#x66;&#x6f;&#64;&#107;&#111;&#x6c;&#x69;m&#105;&#110;&#x65;&#x2e;e&#101;<\/a><\/p>\n<\/div><\/div><\/div>\n<\/div><\/div>\n<\/div>\n<div id='av_section_2'  class='avia-section av-av_section-ae3b382efac8ded7b7496de3bf0b3fe3 main_color avia-section-no-padding avia-no-border-styling  avia-builder-el-10  el_after_av_layout_row  el_before_av_section  av-desktop-hide avia-bg-style-scroll container_wrap fullsize'  ><div class='container av-section-cont-open' ><div class='template-page content  av-content-full alpha units'><div class='post-entry post-entry-type-page post-entry-382'><div class='entry-content-wrapper clearfix'>\n\n<style type=\"text\/css\" data-created_by=\"avia_inline_auto\" id=\"style-css-av-av_one_full-7acf83b28747d3720179fbf5be05bc02\">\n#top .flex_column.av-av_one_full-7acf83b28747d3720179fbf5be05bc02{\nmargin-top:-70px;\nmargin-bottom:0px;\n}\n.flex_column.av-av_one_full-7acf83b28747d3720179fbf5be05bc02{\nborder-radius:0px 0px 0px 0px;\npadding:0px 0px 0px 0px;\nbackground-color:#2c313b;\n}\n.responsive #top #wrap_all .flex_column.av-av_one_full-7acf83b28747d3720179fbf5be05bc02{\nmargin-top:-70px;\nmargin-bottom:0px;\n}\n<\/style>\n<div  class='flex_column av-av_one_full-7acf83b28747d3720179fbf5be05bc02 av_one_full  avia-builder-el-11  avia-builder-el-no-sibling  first flex_column_div av-zero-column-padding  '     ><div id='avia-messagebox-' class='avia_message_box av_notification av-av_notification-0bf9f50326c0742687d78a7237c6cb01 avia-color-grey avia-size-large avia-icon_select-yes avia-border-dashed  avia-builder-el-12  avia-builder-el-no-sibling ' ><div class=\"avia_message_box_content\"><span class='avia_message_box_icon' aria-hidden='true' data-av_icon='\ue81f' data-av_iconfont='entypo-fontello'><\/span><p>Tarvitsetko muuttopalvelun tarjouksen?<br \/>\nSoita meille <a href=\"tel:+3726605064\">+372 660 5064<\/a>\u00a0tai kirjoita\u00a0<a href=\"&#x6d;&#x61;&#x69;&#x6c;&#x74;&#x6f;&#58;&#105;&#110;&#102;o&#64;ko&#x6c;&#x69;&#x6d;&#x69;&#x6e;&#x65;&#46;&#101;&#101;\">&#x69;&#110;&#x66;&#x6f;&#64;&#x6b;&#x6f;&#108;&#x69;&#x6d;&#105;&#x6e;&#x65;&#46;&#x65;&#x65;<\/a><\/p>\n<\/div><\/div><\/div>\n\n<\/div><\/div><\/div><!-- close content main div --><\/div><\/div><div id='av_section_3'  class='avia-section av-av_section-f3892e610ee9633c68397830e8f2c661 main_color avia-section-default avia-no-border-styling  avia-builder-el-13  el_after_av_section  avia-builder-el-last  avia-bg-style-scroll container_wrap fullsize'  ><div class='container av-section-cont-open' ><div class='template-page content  av-content-full alpha units'><div class='post-entry post-entry-type-page post-entry-382'><div class='entry-content-wrapper clearfix'>\n\n<style type=\"text\/css\" data-created_by=\"avia_inline_auto\" id=\"style-css-av-av_one_full-15d750bd1b332b34c6e70b077ebbccdf\">\n.flex_column.av-av_one_full-15d750bd1b332b34c6e70b077ebbccdf{\nborder-radius:0px 0px 0px 0px;\npadding:0px 0px 0px 0px;\n}\n<\/style>\n<div  class='flex_column av-av_one_full-15d750bd1b332b34c6e70b077ebbccdf av_one_full  avia-builder-el-14  avia-builder-el-no-sibling  first flex_column_div av-zero-column-padding  '     ><p>\n<style type=\"text\/css\" data-created_by=\"avia_inline_auto\" id=\"style-css-av-av_heading-3480807363695af8a0af39b5350a7988\">\n#top .av-special-heading.av-av_heading-3480807363695af8a0af39b5350a7988{\npadding-bottom:10px;\n}\nbody .av-special-heading.av-av_heading-3480807363695af8a0af39b5350a7988 .av-special-heading-tag .heading-char{\nfont-size:25px;\n}\n.av-special-heading.av-av_heading-3480807363695af8a0af39b5350a7988 .av-subheading{\nfont-size:15px;\n}\n\n@media only screen and (min-width: 480px) and (max-width: 767px){ \n#top #wrap_all .av-special-heading.av-av_heading-3480807363695af8a0af39b5350a7988 .av-special-heading-tag{\nfont-size:26px;\n}\n}\n\n@media only screen and (max-width: 479px){ \n#top #wrap_all .av-special-heading.av-av_heading-3480807363695af8a0af39b5350a7988 .av-special-heading-tag{\nfont-size:22px;\n}\n}\n<\/style>\n<div  class='av-special-heading av-av_heading-3480807363695af8a0af39b5350a7988 av-special-heading-h1 blockquote modern-quote  avia-builder-el-15  el_before_av_textblock  avia-builder-el-first '><h1 class='av-special-heading-tag '  itemprop=\"headline\"  >Pyyd\u00e4 tarjous muuttopalvelusta<\/h1><div class=\"special-heading-border\"><div class=\"special-heading-inner-border\"><\/div><\/div><\/div><br \/>\n<section  class='av_textblock_section av-av_textblock-2de302bf1aa3cf4c9157dbe6f50ac7eb '   itemscope=\"itemscope\" itemtype=\"https:\/\/schema.org\/CreativeWork\" ><div class='avia_textblock'  itemprop=\"text\" ><p>Haluatko tiet\u00e4\u00e4 kotisi tai toimistosi muuttamisen hinnan? T\u00e4yt\u00e4 lomake!<\/p>\n<\/div><\/section><br \/>\n<form action=\"https:\/\/kolimine.ee\/fi\/pyyda-tarjous\/\" method=\"post\" data-fields-with-error=\"Found errors in the following field(s):\" class=\"avia_ajax_form av-form-labels-visible   avia-builder-el-17  el_after_av_textblock  avia-builder-el-last   \" data-avia-form-id=\"1\" data-avia-redirect='' ><fieldset><p class='  first_form  form_element form_element_third' id='element_avia_1_1'><input  name=\"avia_1_1\" class=\"input_checkbox \" type=\"checkbox\" id=\"avia_1_1\" value=\"true\"\/><label class=\"input_checkbox_label\" for=\"avia_1_1\">Kotitalouksien muutot<\/label><\/p><p class='  form_element form_element_third' id='element_avia_2_1'><input  name=\"avia_2_1\" class=\"input_checkbox \" type=\"checkbox\" id=\"avia_2_1\" value=\"true\"\/><label class=\"input_checkbox_label\" for=\"avia_2_1\">Yritysmuutot<\/label><\/p><p class='  form_element form_element_third' id='element_avia_3_1'><input  name=\"avia_3_1\" class=\"input_checkbox \" type=\"checkbox\" id=\"avia_3_1\" value=\"true\"\/><label class=\"input_checkbox_label\" for=\"avia_3_1\">Kansainv\u00e4liset muutot<\/label><\/p><p class='  first_form  form_element form_element_half' id='element_avia_4_1'><label for=\"avia_4_1\">L\u00e4ht\u00f6osoite<\/label> <input name=\"avia_4_1\" class=\"text_input \" type=\"text\" id=\"avia_4_1\" value=\"\" \/><\/p><p class='  form_element form_element_half' id='element_avia_5_1'><label for=\"avia_5_1\">Kohdeosoite<\/label> <input name=\"avia_5_1\" class=\"text_input \" type=\"text\" id=\"avia_5_1\" value=\"\" \/><\/p><p class='  first_form  form_element form_element_third' id='element_avia_6_1'><label for=\"avia_6_1\">Yrityksen tai henkil\u00f6n nimi<\/label> <input name=\"avia_6_1\" class=\"text_input \" type=\"text\" id=\"avia_6_1\" value=\"\" \/><\/p><p class='  form_element form_element_third' id='element_avia_7_1'><label for=\"avia_7_1\">Puhelin<\/label> <input name=\"avia_7_1\" class=\"text_input \" type=\"text\" id=\"avia_7_1\" value=\"\" \/><\/p><p class='  form_element form_element_third' id='element_avia_8_1'><label for=\"avia_8_1\">S\u00e4hk\u00f6posti <abbr class=\"required\" title=\"required\">*<\/abbr><\/label> <input name=\"avia_8_1\" class=\"text_input is_email\" type=\"text\" id=\"avia_8_1\" value=\"\" \/><\/p><p class='  first_form  form_element form_fullwidth' id='element_avia_9_1'><label for=\"avia_9_1\" class=\"textare_label hidden textare_label_avia_9_1\">Lis\u00e4tietoja<\/label><textarea  name=\"avia_9_1\" class=\"text_area \" cols=\"40\" rows=\"7\" id=\"avia_9_1\" ><\/textarea><\/p><p class=\"hidden\"><input type=\"text\" name=\"avia_10_1\" class=\"hidden \" id=\"avia_10_1\" value=\"\" \/><\/p><p class='   form_element form_fullwidth' id='element_avia_11_1'><span class='value_verifier_label'>4 + 3 = ?<\/span><input name=\"avia_11_1_verifier\" type=\"hidden\" id=\"avia_11_1_verifier\" value=\"757374714\"\/><label for=\"avia_11_1\">Todista, ett\u00e4 olet ihminen ratkaisemalla yht\u00e4l\u00f6 <abbr class=\"required\" title=\"required\">*<\/abbr><\/label><input name=\"avia_11_1\" class=\"text_input captcha\" type=\"text\" id=\"avia_11_1\" value=\"\"\/><\/p><p class=\"form_element \"><input type=\"hidden\" value=\"1\" name=\"avia_generated_form1\" \/><input type=\"submit\" value=\"L\u00e4het\u00e4\" class=\"button\"  data-sending-label=\"Sending\"\/><\/p><\/fieldset><\/form><div id=\"ajaxresponse_1\" class=\"ajaxresponse ajaxresponse_1 hidden\"><\/div><\/p><\/div>\n","protected":false},"excerpt":{"rendered":"","protected":false},"author":1,"featured_media":0,"parent":0,"menu_order":0,"comment_status":"closed","ping_status":"closed","template":"","meta":{"footnotes":""},"class_list":["post-382","page","type-page","status-publish","hentry"],"yoast_head":"<!-- This site is optimized with the Yoast SEO plugin v27.4 - https:\/\/yoast.com\/product\/yoast-seo-wordpress\/ -->\n<title>Pyyd\u00e4 tarjous kolimispalvelulle Virossa | Kolimine.ee<\/title>\n<meta name=\"description\" content=\"Tarjoamme kolimispalvelut yksityis- ja yritysasiakkaille Virossa ja kansainv\u00e4lisesti. Turvallinen ja luotettava palvelu. Pyyd\u00e4 tarjous!\" \/>\n<meta name=\"robots\" content=\"index, follow, max-snippet:-1, max-image-preview:large, max-video-preview:-1\" \/>\n<link rel=\"canonical\" href=\"https:\/\/kolimine.ee\/fi\/pyyda-tarjous\/\" \/>\n<meta property=\"og:locale\" content=\"fi_FI\" \/>\n<meta property=\"og:type\" content=\"article\" \/>\n<meta property=\"og:title\" content=\"Pyyd\u00e4 tarjous kolimispalvelulle Virossa | Kolimine.ee\" \/>\n<meta property=\"og:description\" content=\"Tarjoamme kolimispalvelut yksityis- ja yritysasiakkaille Virossa ja kansainv\u00e4lisesti. Turvallinen ja luotettava palvelu. Pyyd\u00e4 tarjous!\" \/>\n<meta property=\"og:url\" content=\"https:\/\/kolimine.ee\/fi\/pyyda-tarjous\/\" \/>\n<meta property=\"og:site_name\" content=\"Kolimine.ee\" \/>\n<meta property=\"article:modified_time\" content=\"2026-03-04T13:02:19+00:00\" \/>\n<meta name=\"twitter:card\" content=\"summary_large_image\" \/>\n<meta name=\"twitter:label1\" content=\"Arvioitu lukuaika\" \/>\n\t<meta name=\"twitter:data1\" content=\"1 minuutti\" \/>\n<script type=\"application\/ld+json\" class=\"yoast-schema-graph\">{\"@context\":\"https:\\\/\\\/schema.org\",\"@graph\":[{\"@type\":\"WebPage\",\"@id\":\"https:\\\/\\\/kolimine.ee\\\/fi\\\/pyyda-tarjous\\\/\",\"url\":\"https:\\\/\\\/kolimine.ee\\\/fi\\\/pyyda-tarjous\\\/\",\"name\":\"Pyyd\u00e4 tarjous kolimispalvelulle Virossa | Kolimine.ee\",\"isPartOf\":{\"@id\":\"https:\\\/\\\/kolimine.ee\\\/#website\"},\"datePublished\":\"2018-04-25T07:12:36+00:00\",\"dateModified\":\"2026-03-04T13:02:19+00:00\",\"description\":\"Tarjoamme kolimispalvelut yksityis- ja yritysasiakkaille Virossa ja kansainv\u00e4lisesti. Turvallinen ja luotettava palvelu. Pyyd\u00e4 tarjous!\",\"breadcrumb\":{\"@id\":\"https:\\\/\\\/kolimine.ee\\\/fi\\\/pyyda-tarjous\\\/#breadcrumb\"},\"inLanguage\":\"fi\",\"potentialAction\":[{\"@type\":\"ReadAction\",\"target\":[\"https:\\\/\\\/kolimine.ee\\\/fi\\\/pyyda-tarjous\\\/\"]}]},{\"@type\":\"BreadcrumbList\",\"@id\":\"https:\\\/\\\/kolimine.ee\\\/fi\\\/pyyda-tarjous\\\/#breadcrumb\",\"itemListElement\":[{\"@type\":\"ListItem\",\"position\":1,\"name\":\"Home\",\"item\":\"https:\\\/\\\/kolimine.ee\\\/fi\\\/\"},{\"@type\":\"ListItem\",\"position\":2,\"name\":\"Pyyd\u00e4 tarjous\"}]},{\"@type\":\"WebSite\",\"@id\":\"https:\\\/\\\/kolimine.ee\\\/#website\",\"url\":\"https:\\\/\\\/kolimine.ee\\\/\",\"name\":\"Kolimine.ee\",\"description\":\"Muredest vabaks!\",\"publisher\":{\"@id\":\"https:\\\/\\\/kolimine.ee\\\/#organization\"},\"potentialAction\":[{\"@type\":\"SearchAction\",\"target\":{\"@type\":\"EntryPoint\",\"urlTemplate\":\"https:\\\/\\\/kolimine.ee\\\/?s={search_term_string}\"},\"query-input\":{\"@type\":\"PropertyValueSpecification\",\"valueRequired\":true,\"valueName\":\"search_term_string\"}}],\"inLanguage\":\"fi\"},{\"@type\":\"Organization\",\"@id\":\"https:\\\/\\\/kolimine.ee\\\/#organization\",\"name\":\"Kolimine.ee\",\"url\":\"https:\\\/\\\/kolimine.ee\\\/\",\"logo\":{\"@type\":\"ImageObject\",\"inLanguage\":\"fi\",\"@id\":\"https:\\\/\\\/kolimine.ee\\\/#\\\/schema\\\/logo\\\/image\\\/\",\"url\":\"https:\\\/\\\/kolimine.ee\\\/wp-content\\\/uploads\\\/2018\\\/01\\\/logo.jpg\",\"contentUrl\":\"https:\\\/\\\/kolimine.ee\\\/wp-content\\\/uploads\\\/2018\\\/01\\\/logo.jpg\",\"width\":196,\"height\":80,\"caption\":\"Kolimine.ee\"},\"image\":{\"@id\":\"https:\\\/\\\/kolimine.ee\\\/#\\\/schema\\\/logo\\\/image\\\/\"}}]}<\/script>\n<!-- \/ Yoast SEO plugin. -->","yoast_head_json":{"title":"Pyyd\u00e4 tarjous kolimispalvelulle Virossa | Kolimine.ee","description":"Tarjoamme kolimispalvelut yksityis- ja yritysasiakkaille Virossa ja kansainv\u00e4lisesti. Turvallinen ja luotettava palvelu. Pyyd\u00e4 tarjous!","robots":{"index":"index","follow":"follow","max-snippet":"max-snippet:-1","max-image-preview":"max-image-preview:large","max-video-preview":"max-video-preview:-1"},"canonical":"https:\/\/kolimine.ee\/fi\/pyyda-tarjous\/","og_locale":"fi_FI","og_type":"article","og_title":"Pyyd\u00e4 tarjous kolimispalvelulle Virossa | Kolimine.ee","og_description":"Tarjoamme kolimispalvelut yksityis- ja yritysasiakkaille Virossa ja kansainv\u00e4lisesti. Turvallinen ja luotettava palvelu. Pyyd\u00e4 tarjous!","og_url":"https:\/\/kolimine.ee\/fi\/pyyda-tarjous\/","og_site_name":"Kolimine.ee","article_modified_time":"2026-03-04T13:02:19+00:00","twitter_card":"summary_large_image","twitter_misc":{"Arvioitu lukuaika":"1 minuutti"},"schema":{"@context":"https:\/\/schema.org","@graph":[{"@type":"WebPage","@id":"https:\/\/kolimine.ee\/fi\/pyyda-tarjous\/","url":"https:\/\/kolimine.ee\/fi\/pyyda-tarjous\/","name":"Pyyd\u00e4 tarjous kolimispalvelulle Virossa | Kolimine.ee","isPartOf":{"@id":"https:\/\/kolimine.ee\/#website"},"datePublished":"2018-04-25T07:12:36+00:00","dateModified":"2026-03-04T13:02:19+00:00","description":"Tarjoamme kolimispalvelut yksityis- ja yritysasiakkaille Virossa ja kansainv\u00e4lisesti. Turvallinen ja luotettava palvelu. Pyyd\u00e4 tarjous!","breadcrumb":{"@id":"https:\/\/kolimine.ee\/fi\/pyyda-tarjous\/#breadcrumb"},"inLanguage":"fi","potentialAction":[{"@type":"ReadAction","target":["https:\/\/kolimine.ee\/fi\/pyyda-tarjous\/"]}]},{"@type":"BreadcrumbList","@id":"https:\/\/kolimine.ee\/fi\/pyyda-tarjous\/#breadcrumb","itemListElement":[{"@type":"ListItem","position":1,"name":"Home","item":"https:\/\/kolimine.ee\/fi\/"},{"@type":"ListItem","position":2,"name":"Pyyd\u00e4 tarjous"}]},{"@type":"WebSite","@id":"https:\/\/kolimine.ee\/#website","url":"https:\/\/kolimine.ee\/","name":"Kolimine.ee","description":"Muredest vabaks!","publisher":{"@id":"https:\/\/kolimine.ee\/#organization"},"potentialAction":[{"@type":"SearchAction","target":{"@type":"EntryPoint","urlTemplate":"https:\/\/kolimine.ee\/?s={search_term_string}"},"query-input":{"@type":"PropertyValueSpecification","valueRequired":true,"valueName":"search_term_string"}}],"inLanguage":"fi"},{"@type":"Organization","@id":"https:\/\/kolimine.ee\/#organization","name":"Kolimine.ee","url":"https:\/\/kolimine.ee\/","logo":{"@type":"ImageObject","inLanguage":"fi","@id":"https:\/\/kolimine.ee\/#\/schema\/logo\/image\/","url":"https:\/\/kolimine.ee\/wp-content\/uploads\/2018\/01\/logo.jpg","contentUrl":"https:\/\/kolimine.ee\/wp-content\/uploads\/2018\/01\/logo.jpg","width":196,"height":80,"caption":"Kolimine.ee"},"image":{"@id":"https:\/\/kolimine.ee\/#\/schema\/logo\/image\/"}}]}},"_links":{"self":[{"href":"https:\/\/kolimine.ee\/fi\/wp-json\/wp\/v2\/pages\/382","targetHints":{"allow":["GET"]}}],"collection":[{"href":"https:\/\/kolimine.ee\/fi\/wp-json\/wp\/v2\/pages"}],"about":[{"href":"https:\/\/kolimine.ee\/fi\/wp-json\/wp\/v2\/types\/page"}],"author":[{"embeddable":true,"href":"https:\/\/kolimine.ee\/fi\/wp-json\/wp\/v2\/users\/1"}],"replies":[{"embeddable":true,"href":"https:\/\/kolimine.ee\/fi\/wp-json\/wp\/v2\/comments?post=382"}],"version-history":[{"count":17,"href":"https:\/\/kolimine.ee\/fi\/wp-json\/wp\/v2\/pages\/382\/revisions"}],"predecessor-version":[{"id":2759,"href":"https:\/\/kolimine.ee\/fi\/wp-json\/wp\/v2\/pages\/382\/revisions\/2759"}],"wp:attachment":[{"href":"https:\/\/kolimine.ee\/fi\/wp-json\/wp\/v2\/media?parent=382"}],"curies":[{"name":"wp","href":"https:\/\/api.w.org\/{rel}","templated":true}]}}